{"id":297,"date":"2017-08-14T10:00:11","date_gmt":"2017-08-14T10:00:11","guid":{"rendered":"https:\/\/www.marau.es\/?page_id=297"},"modified":"2017-08-25T09:30:19","modified_gmt":"2017-08-25T09:30:19","slug":"quien-somos","status":"publish","type":"page","link":"https:\/\/www.marau.es\/es\/quien-somos\/","title":{"rendered":"Qui\u00e9n Somos"},"content":{"rendered":"<div class=\"wpb-content-wrapper\"><p>[vc_row full_width=\u00bbstretch_row\u00bb tlg_padding=\u00bbpt0 pb0&#8243; css=\u00bb.vc_custom_1502704881716{padding-top: 5% !important;padding-right: 7% !important;padding-bottom: 5% !important;padding-left: 7% !important;}\u00bb el_id=\u00bbquien\u00bb][vc_column]<div class=\"headings-title  wpb_animate_when_almost_visible wpb_bottom-to-top bottom-to-top\"><div class=\"mb72  mb-xs-40 text-center\"><h5  class=\"widgettitle \">Mara\u00fa<\/h5><div class=\"divider-wrap\"><div  class=\"tlg-divider\"><\/div><\/div><\/div><\/div>[vc_column_text]La pen\u00ednsula de Mara\u00fa se encuentra en el noreste de Brasil, en el estado de Bah\u00eda. El t\u00e9rmino Mara\u00fa tiene su orgen en la aldea ind\u00edgena Mayrah\u00fa, que significa en su idioma: la luz del sol al amanecer. [\/vc_column_text][\/vc_column][\/vc_row][vc_row full_width=\u00bbstretch_row\u00bb tlg_padding=\u00bbpt0 pb0&#8243; css=\u00bb.vc_custom_1502704895964{padding-top: 5% !important;padding-right: 7% !important;padding-bottom: 5% !important;padding-left: 7% !important;}\u00bb el_id=\u00bbcontacto\u00bb][vc_column]<div class=\"headings-title  wpb_animate_when_almost_visible wpb_bottom-to-top bottom-to-top\"><div class=\"mb72  mb-xs-40 text-center\"><h5  class=\"widgettitle \">Contacto<\/h5><div class=\"divider-wrap\"><div  class=\"tlg-divider\"><\/div><\/div><\/div><\/div>[vc_column_text]<a style=\"font-family: inherit; color: inherit !important;\" title=\"Abrir Google Maps\" href=\"https:\/\/www.google.es\/maps\/place\/MARA%C3%9A+BEACH+CLUB\/@37.209881,-1.8119717,17z\/data=!3m1!4b1!4m5!3m4!1s0xd7b2a3ce6c8f4d1:0x893b53a8aeeb4be\" target=\"_blank\" rel=\"noopener\"><i class=\"fa fa-map-marker\" aria-hidden=\"true\"><\/i> Avda. del Descubrimiento, s\/n Vera (Almer\u00eda)<\/a><br \/>\n<i class=\"fa fa-phone\" aria-hidden=\"true\"><\/i> +34 950 961 961 (reservas restaurante en horario de 12:00-16:00 y 20:00-23:00)<br \/>\n<i class=\"fa fa-phone\" aria-hidden=\"true\"><\/i> +34 671 580 340 (reservas restaurante en horario de 12:00-16:00 y 20:00-23:00)<br \/>\n<i class=\"fa fa-phone\" aria-hidden=\"true\"><\/i> +34 671 580 383 (reservas palcos en la zona de copas a partir de las 17:00 mediante Whatsapp)<br \/>\n<i class=\"fa fa-phone\" aria-hidden=\"true\"><\/i> +34 671 580 412 (reservas eventos, hamacas y camas balinesas en horario de 12.00 a 18.00)<br \/>\n<i class=\"fa fa-envelope\" aria-hidden=\"true\"><\/i> eventos@marau.es (eventos, grupos, camas balinesas, hamacas, etc.)<br \/>\n<i class=\"fa fa-envelope\" aria-hidden=\"true\"><\/i> info@marau.es (informaci\u00f3n general)[\/vc_column_text][\/vc_column][\/vc_row][vc_section full_width=\u00bbstretch_row_content\u00bb el_id=\u00bbmapa\u00bb css=\u00bb.vc_custom_1503392833699{padding-top: 0px !important;padding-right: 0px !important;padding-bottom: 0px !important;padding-left: 0px !important;}\u00bb][vc_row full_width=\u00bbstretch_row_content_no_spaces\u00bb tlg_padding=\u00bbpt0 pb0&#8243; css=\u00bb.vc_custom_1503392631294{padding-right: 0px !important;padding-left: 0px !important;}\u00bb][vc_column][vc_column_text css=\u00bb.vc_custom_1503392599792{padding-right: 0px !important;padding-left: 0px !important;}\u00bb]<div id=\"wpgmza_map\" class=\"wpgmza_map\" data-settings='{\"id\":\"1\",\"map_title\":\"MARA\\u00da BEACH CLUB\",\"map_width\":\"100\",\"map_height\":\"400\",\"map_start_lat\":\"37.209819\",\"map_start_lng\":\"-1.811079\",\"map_start_location\":\"37.209819,-1.8110794000000396\",\"map_start_zoom\":\"16\",\"default_marker\":\"0\",\"type\":\"1\",\"alignment\":\"1\",\"directions_enabled\":\"1\",\"styling_enabled\":\"0\",\"styling_json\":\"\",\"active\":\"0\",\"kml\":\"\",\"bicycle\":\"0\",\"traffic\":\"0\",\"dbox\":\"1\",\"dbox_width\":\"100\",\"listmarkers\":\"0\",\"listmarkers_advanced\":\"0\",\"filterbycat\":\"0\",\"ugm_enabled\":\"0\",\"ugm_category_enabled\":\"0\",\"fusion\":\"\",\"map_width_type\":\"\\\\%\",\"map_height_type\":\"px\",\"mass_marker_support\":\"1\",\"ugm_access\":\"0\",\"order_markers_by\":\"1\",\"order_markers_choice\":\"2\",\"show_user_location\":\"0\",\"default_to\":\"\",\"other_settings\":{\"store_locator_enabled\":2,\"store_locator_distance\":2,\"store_locator_default_radius\":\"10\",\"store_locator_not_found_message\":\"No results found in this location. Please try again.\",\"store_locator_bounce\":1,\"store_locator_query_string\":\"ZIP \\\/ C\\u00f3digo Postal \\\/ Direcci\\u00f3n\",\"store_locator_default_address\":\"\",\"wpgmza_store_locator_restrict\":\"\",\"map_max_zoom\":\"1\",\"transport_layer\":0,\"wpgmza_theme_data\":\"\",\"wpgmza_show_points_of_interest\":1}}' data-map-id='1' Data-maps-engine='' data-shortcode-attributes='{\"id\":\"1\"}' style=\"display:block; overflow:auto; width:100%; height:400px; float:left;\"><\/div>[\/vc_column_text][\/vc_column][\/vc_row][\/vc_section]<\/p>\n<\/div>","protected":false},"excerpt":{"rendered":"<p>[vc_row full_width=\u00bbstretch_row\u00bb tlg_padding=\u00bbpt0 pb0&#8243; css=\u00bb.vc_custom_1502704881716{padding-top: 5% !important;padding-right: 7% !important;padding-bottom: 5% !important;padding-left: 7% !important;}\u00bb el_id=\u00bbquien\u00bb][vc_column][vc_column_text]La pen\u00ednsula de&#8230;<\/p>\n","protected":false},"author":1,"featured_media":0,"parent":0,"menu_order":0,"comment_status":"closed","ping_status":"closed","template":"","meta":{"_monsterinsights_skip_tracking":false,"_monsterinsights_sitenote_active":false,"_monsterinsights_sitenote_note":"","_monsterinsights_sitenote_category":0,"footnotes":""},"yoast_head":"<!-- This site is optimized with the Yoast SEO plugin v22.6 - https:\/\/yoast.com\/wordpress\/plugins\/seo\/ -->\n<title>Qui\u00e9n Somos | Marau<\/title>\n<meta name=\"robots\" content=\"index, follow, max-snippet:-1, max-image-preview:large, max-video-preview:-1\" \/>\n<link rel=\"canonical\" href=\"https:\/\/www.marau.es\/es\/quien-somos\/\" \/>\n<meta property=\"og:locale\" content=\"es_ES\" \/>\n<meta property=\"og:type\" content=\"article\" \/>\n<meta property=\"og:title\" content=\"Qui\u00e9n Somos | Marau\" \/>\n<meta property=\"og:description\" content=\"[vc_row full_width=\u00bbstretch_row\u00bb tlg_padding=\u00bbpt0 pb0&#8243; css=\u00bb.vc_custom_1502704881716{padding-top: 5% !important;padding-right: 7% !important;padding-bottom: 5% !important;padding-left: 7% !important;}\u00bb el_id=\u00bbquien\u00bb][vc_column][vc_column_text]La pen\u00ednsula de...\" \/>\n<meta property=\"og:url\" content=\"https:\/\/www.marau.es\/es\/quien-somos\/\" \/>\n<meta property=\"og:site_name\" content=\"Marau\" \/>\n<meta property=\"article:publisher\" content=\"https:\/\/www.facebook.com\/Mara\u00fa-Beach-Club-237360296655905\" \/>\n<meta property=\"article:modified_time\" content=\"2017-08-25T09:30:19+00:00\" \/>\n<meta name=\"twitter:card\" content=\"summary_large_image\" \/>\n<meta name=\"twitter:label1\" content=\"Tiempo de lectura\" \/>\n\t<meta name=\"twitter:data1\" content=\"1 minuto\" \/>\n<script type=\"application\/ld+json\" class=\"yoast-schema-graph\">{\"@context\":\"https:\/\/schema.org\",\"@graph\":[{\"@type\":\"WebPage\",\"@id\":\"https:\/\/www.marau.es\/es\/quien-somos\/\",\"url\":\"https:\/\/www.marau.es\/es\/quien-somos\/\",\"name\":\"Qui\u00e9n Somos | Marau\",\"isPartOf\":{\"@id\":\"https:\/\/www.marau.es\/es\/#website\"},\"datePublished\":\"2017-08-14T10:00:11+00:00\",\"dateModified\":\"2017-08-25T09:30:19+00:00\",\"breadcrumb\":{\"@id\":\"https:\/\/www.marau.es\/es\/quien-somos\/#breadcrumb\"},\"inLanguage\":\"es\",\"potentialAction\":[{\"@type\":\"ReadAction\",\"target\":[\"https:\/\/www.marau.es\/es\/quien-somos\/\"]}]},{\"@type\":\"BreadcrumbList\",\"@id\":\"https:\/\/www.marau.es\/es\/quien-somos\/#breadcrumb\",\"itemListElement\":[{\"@type\":\"ListItem\",\"position\":1,\"name\":\"Home\",\"item\":\"https:\/\/www.marau.es\/es\/\"},{\"@type\":\"ListItem\",\"position\":2,\"name\":\"Qui\u00e9n Somos\"}]},{\"@type\":\"WebSite\",\"@id\":\"https:\/\/www.marau.es\/es\/#website\",\"url\":\"https:\/\/www.marau.es\/es\/\",\"name\":\"Marau\",\"description\":\"Beach Club\",\"publisher\":{\"@id\":\"https:\/\/www.marau.es\/es\/#organization\"},\"potentialAction\":[{\"@type\":\"SearchAction\",\"target\":{\"@type\":\"EntryPoint\",\"urlTemplate\":\"https:\/\/www.marau.es\/es\/?s={search_term_string}\"},\"query-input\":\"required name=search_term_string\"}],\"inLanguage\":\"es\"},{\"@type\":\"Organization\",\"@id\":\"https:\/\/www.marau.es\/es\/#organization\",\"name\":\"Mara\u00fa Beach Club\",\"url\":\"https:\/\/www.marau.es\/es\/\",\"logo\":{\"@type\":\"ImageObject\",\"inLanguage\":\"es\",\"@id\":\"https:\/\/www.marau.es\/es\/#\/schema\/logo\/image\/\",\"url\":\"https:\/\/www.marau.es\/wp-content\/uploads\/2017\/09\/marau-facebook.png\",\"contentUrl\":\"https:\/\/www.marau.es\/wp-content\/uploads\/2017\/09\/marau-facebook.png\",\"width\":540,\"height\":281,\"caption\":\"Mara\u00fa Beach Club\"},\"image\":{\"@id\":\"https:\/\/www.marau.es\/es\/#\/schema\/logo\/image\/\"},\"sameAs\":[\"https:\/\/www.facebook.com\/Mara\u00fa-Beach-Club-237360296655905\"]}]}<\/script>\n<!-- \/ Yoast SEO plugin. -->","yoast_head_json":{"title":"Qui\u00e9n Somos | Marau","robots":{"index":"index","follow":"follow","max-snippet":"max-snippet:-1","max-image-preview":"max-image-preview:large","max-video-preview":"max-video-preview:-1"},"canonical":"https:\/\/www.marau.es\/es\/quien-somos\/","og_locale":"es_ES","og_type":"article","og_title":"Qui\u00e9n Somos | Marau","og_description":"[vc_row full_width=\u00bbstretch_row\u00bb tlg_padding=\u00bbpt0 pb0&#8243; css=\u00bb.vc_custom_1502704881716{padding-top: 5% !important;padding-right: 7% !important;padding-bottom: 5% !important;padding-left: 7% !important;}\u00bb el_id=\u00bbquien\u00bb][vc_column][vc_column_text]La pen\u00ednsula de...","og_url":"https:\/\/www.marau.es\/es\/quien-somos\/","og_site_name":"Marau","article_publisher":"https:\/\/www.facebook.com\/Mara\u00fa-Beach-Club-237360296655905","article_modified_time":"2017-08-25T09:30:19+00:00","twitter_card":"summary_large_image","twitter_misc":{"Tiempo de lectura":"1 minuto"},"schema":{"@context":"https:\/\/schema.org","@graph":[{"@type":"WebPage","@id":"https:\/\/www.marau.es\/es\/quien-somos\/","url":"https:\/\/www.marau.es\/es\/quien-somos\/","name":"Qui\u00e9n Somos | Marau","isPartOf":{"@id":"https:\/\/www.marau.es\/es\/#website"},"datePublished":"2017-08-14T10:00:11+00:00","dateModified":"2017-08-25T09:30:19+00:00","breadcrumb":{"@id":"https:\/\/www.marau.es\/es\/quien-somos\/#breadcrumb"},"inLanguage":"es","potentialAction":[{"@type":"ReadAction","target":["https:\/\/www.marau.es\/es\/quien-somos\/"]}]},{"@type":"BreadcrumbList","@id":"https:\/\/www.marau.es\/es\/quien-somos\/#breadcrumb","itemListElement":[{"@type":"ListItem","position":1,"name":"Home","item":"https:\/\/www.marau.es\/es\/"},{"@type":"ListItem","position":2,"name":"Qui\u00e9n Somos"}]},{"@type":"WebSite","@id":"https:\/\/www.marau.es\/es\/#website","url":"https:\/\/www.marau.es\/es\/","name":"Marau","description":"Beach Club","publisher":{"@id":"https:\/\/www.marau.es\/es\/#organization"},"potentialAction":[{"@type":"SearchAction","target":{"@type":"EntryPoint","urlTemplate":"https:\/\/www.marau.es\/es\/?s={search_term_string}"},"query-input":"required name=search_term_string"}],"inLanguage":"es"},{"@type":"Organization","@id":"https:\/\/www.marau.es\/es\/#organization","name":"Mara\u00fa Beach Club","url":"https:\/\/www.marau.es\/es\/","logo":{"@type":"ImageObject","inLanguage":"es","@id":"https:\/\/www.marau.es\/es\/#\/schema\/logo\/image\/","url":"https:\/\/www.marau.es\/wp-content\/uploads\/2017\/09\/marau-facebook.png","contentUrl":"https:\/\/www.marau.es\/wp-content\/uploads\/2017\/09\/marau-facebook.png","width":540,"height":281,"caption":"Mara\u00fa Beach Club"},"image":{"@id":"https:\/\/www.marau.es\/es\/#\/schema\/logo\/image\/"},"sameAs":["https:\/\/www.facebook.com\/Mara\u00fa-Beach-Club-237360296655905"]}]}},"_links":{"self":[{"href":"https:\/\/www.marau.es\/es\/wp-json\/wp\/v2\/pages\/297"}],"collection":[{"href":"https:\/\/www.marau.es\/es\/wp-json\/wp\/v2\/pages"}],"about":[{"href":"https:\/\/www.marau.es\/es\/wp-json\/wp\/v2\/types\/page"}],"author":[{"embeddable":true,"href":"https:\/\/www.marau.es\/es\/wp-json\/wp\/v2\/users\/1"}],"replies":[{"embeddable":true,"href":"https:\/\/www.marau.es\/es\/wp-json\/wp\/v2\/comments?post=297"}],"version-history":[{"count":20,"href":"https:\/\/www.marau.es\/es\/wp-json\/wp\/v2\/pages\/297\/revisions"}],"predecessor-version":[{"id":351,"href":"https:\/\/www.marau.es\/es\/wp-json\/wp\/v2\/pages\/297\/revisions\/351"}],"wp:attachment":[{"href":"https:\/\/www.marau.es\/es\/wp-json\/wp\/v2\/media?parent=297"}],"curies":[{"name":"wp","href":"https:\/\/api.w.org\/{rel}","templated":true}]}}