{"id":5075,"date":"2020-08-26T15:52:04","date_gmt":"2020-08-26T15:52:04","guid":{"rendered":"https:\/\/www.marau.es\/?page_id=5075"},"modified":"2021-10-22T09:43:59","modified_gmt":"2021-10-22T09:43:59","slug":"clausulas-de-formulario-de-contacto","status":"publish","type":"page","link":"https:\/\/www.marau.es\/es\/clausulas-de-formulario-de-contacto\/","title":{"rendered":"Cl\u00e1usulas de Formulario de Contacto"},"content":{"rendered":"<div class=\"wpb-content-wrapper\"><p>[vc_row][vc_column][vc_column_text]En cumplimiento del Reglamento General de Protecci\u00f3n de Datos (UE) 2016\/679 del Parlamento Europeo y del Consejo de 27 de abril de 2016 y la ley org\u00e1nica 3\/2018 de 5 de diciembre de Protecci\u00f3n de Datos Personales y de Garant\u00eda de los Derechos Digitales le informamos que los datos por Vd. proporcionados ser\u00e1n objeto de tratamiento por parte de <strong>Mara\u00fa Beach Club S.L.U.<\/strong>\u00a0con CIF B<strong>16817801<\/strong>, con domicilio en AVDA. VALLE DEL SOL No 2 con la finalidad de prestarle el servicio solicitado y\/o contratado, realizar la facturaci\u00f3n del mismo.<\/p>\n<p>La base legal para el tratamiento de sus datos es la ejecuci\u00f3n del servicio por usted contratado y\/o solicitado. La oferta prospectiva de productos y servicios est\u00e1 basada en el consentimiento que se le solicita, sin que en ning\u00fan caso la retirada de este consentimiento condicione la ejecuci\u00f3n del contrato.<\/p>\n<p>Los datos proporcionados se conservar\u00e1n mientras se mantenga la relaci\u00f3n comercial o durante los a\u00f1os necesarios para cumplir con las obligaciones legales. Los datos no se ceder\u00e1n a terceros salvo en los casos en que exista una obligaci\u00f3n legal.<\/p>\n<p>Usted tiene derecho a obtener confirmaci\u00f3n sobre si <strong>Mara\u00fa Beach Club S.L.U.\u00a0<\/strong>estamos tratando sus datos personales y por tanto tiene derecho a ejercer sus derechos de acceso, rectificaci\u00f3n, limitaci\u00f3n del tratamiento, portabilidad, oposici\u00f3n al tratamiento y supresi\u00f3n de sus datos as\u00ed como el derecho a presentar una reclamaci\u00f3n ante la Autoridad de Control mediante escrito dirigido a la direcci\u00f3n postal arriba mencionada o electr\u00f3nica <strong>PROTECCIONDATOS@VALLEDELESTE.ES<\/strong> , adjuntando copia del DNI en ambos casos.<\/p>\n<p>Asimismo le solicitamos su autorizaci\u00f3n para ofrecerle productos y servicios relacionados con los solicitados, prestados y\/o comercializados por nuestra entidad y poder de esa forma fidelizarle como cliente.[\/vc_column_text][\/vc_column][\/vc_row]<\/p>\n<\/div>","protected":false},"excerpt":{"rendered":"<p>[vc_row][vc_column][vc_column_text]En cumplimiento del Reglamento General de Protecci\u00f3n de Datos (UE) 2016\/679 del Parlamento Europeo y del&#8230;<\/p>\n","protected":false},"author":2,"featured_media":0,"parent":0,"menu_order":0,"comment_status":"closed","ping_status":"closed","template":"","meta":{"_monsterinsights_skip_tracking":false,"_monsterinsights_sitenote_active":false,"_monsterinsights_sitenote_note":"","_monsterinsights_sitenote_category":0,"footnotes":""},"yoast_head":"<!-- This site is optimized with the Yoast SEO plugin v22.6 - https:\/\/yoast.com\/wordpress\/plugins\/seo\/ -->\n<title>Cl\u00e1usulas de Formulario de Contacto | Marau<\/title>\n<meta name=\"robots\" content=\"index, follow, max-snippet:-1, max-image-preview:large, max-video-preview:-1\" \/>\n<link rel=\"canonical\" href=\"https:\/\/www.marau.es\/es\/clausulas-de-formulario-de-contacto\/\" \/>\n<meta property=\"og:locale\" content=\"es_ES\" \/>\n<meta property=\"og:type\" content=\"article\" \/>\n<meta property=\"og:title\" content=\"Cl\u00e1usulas de Formulario de Contacto | Marau\" \/>\n<meta property=\"og:description\" content=\"[vc_row][vc_column][vc_column_text]En cumplimiento del Reglamento General de Protecci\u00f3n de Datos (UE) 2016\/679 del Parlamento Europeo y del...\" \/>\n<meta property=\"og:url\" content=\"https:\/\/www.marau.es\/es\/clausulas-de-formulario-de-contacto\/\" \/>\n<meta property=\"og:site_name\" content=\"Marau\" \/>\n<meta property=\"article:publisher\" content=\"https:\/\/www.facebook.com\/Mara\u00fa-Beach-Club-237360296655905\" \/>\n<meta property=\"article:modified_time\" content=\"2021-10-22T09:43:59+00:00\" \/>\n<meta name=\"twitter:card\" content=\"summary_large_image\" \/>\n<meta name=\"twitter:label1\" content=\"Tiempo de lectura\" \/>\n\t<meta name=\"twitter:data1\" content=\"2 minutos\" \/>\n<script type=\"application\/ld+json\" class=\"yoast-schema-graph\">{\"@context\":\"https:\/\/schema.org\",\"@graph\":[{\"@type\":\"WebPage\",\"@id\":\"https:\/\/www.marau.es\/es\/clausulas-de-formulario-de-contacto\/\",\"url\":\"https:\/\/www.marau.es\/es\/clausulas-de-formulario-de-contacto\/\",\"name\":\"Cl\u00e1usulas de Formulario de Contacto | Marau\",\"isPartOf\":{\"@id\":\"https:\/\/www.marau.es\/es\/#website\"},\"datePublished\":\"2020-08-26T15:52:04+00:00\",\"dateModified\":\"2021-10-22T09:43:59+00:00\",\"breadcrumb\":{\"@id\":\"https:\/\/www.marau.es\/es\/clausulas-de-formulario-de-contacto\/#breadcrumb\"},\"inLanguage\":\"es\",\"potentialAction\":[{\"@type\":\"ReadAction\",\"target\":[\"https:\/\/www.marau.es\/es\/clausulas-de-formulario-de-contacto\/\"]}]},{\"@type\":\"BreadcrumbList\",\"@id\":\"https:\/\/www.marau.es\/es\/clausulas-de-formulario-de-contacto\/#breadcrumb\",\"itemListElement\":[{\"@type\":\"ListItem\",\"position\":1,\"name\":\"Home\",\"item\":\"https:\/\/www.marau.es\/es\/\"},{\"@type\":\"ListItem\",\"position\":2,\"name\":\"Cl\u00e1usulas de Formulario de Contacto\"}]},{\"@type\":\"WebSite\",\"@id\":\"https:\/\/www.marau.es\/es\/#website\",\"url\":\"https:\/\/www.marau.es\/es\/\",\"name\":\"Marau\",\"description\":\"Beach Club\",\"publisher\":{\"@id\":\"https:\/\/www.marau.es\/es\/#organization\"},\"potentialAction\":[{\"@type\":\"SearchAction\",\"target\":{\"@type\":\"EntryPoint\",\"urlTemplate\":\"https:\/\/www.marau.es\/es\/?s={search_term_string}\"},\"query-input\":\"required name=search_term_string\"}],\"inLanguage\":\"es\"},{\"@type\":\"Organization\",\"@id\":\"https:\/\/www.marau.es\/es\/#organization\",\"name\":\"Mara\u00fa Beach Club\",\"url\":\"https:\/\/www.marau.es\/es\/\",\"logo\":{\"@type\":\"ImageObject\",\"inLanguage\":\"es\",\"@id\":\"https:\/\/www.marau.es\/es\/#\/schema\/logo\/image\/\",\"url\":\"https:\/\/www.marau.es\/wp-content\/uploads\/2017\/09\/marau-facebook.png\",\"contentUrl\":\"https:\/\/www.marau.es\/wp-content\/uploads\/2017\/09\/marau-facebook.png\",\"width\":540,\"height\":281,\"caption\":\"Mara\u00fa Beach Club\"},\"image\":{\"@id\":\"https:\/\/www.marau.es\/es\/#\/schema\/logo\/image\/\"},\"sameAs\":[\"https:\/\/www.facebook.com\/Mara\u00fa-Beach-Club-237360296655905\"]}]}<\/script>\n<!-- \/ Yoast SEO plugin. -->","yoast_head_json":{"title":"Cl\u00e1usulas de Formulario de Contacto | Marau","robots":{"index":"index","follow":"follow","max-snippet":"max-snippet:-1","max-image-preview":"max-image-preview:large","max-video-preview":"max-video-preview:-1"},"canonical":"https:\/\/www.marau.es\/es\/clausulas-de-formulario-de-contacto\/","og_locale":"es_ES","og_type":"article","og_title":"Cl\u00e1usulas de Formulario de Contacto | Marau","og_description":"[vc_row][vc_column][vc_column_text]En cumplimiento del Reglamento General de Protecci\u00f3n de Datos (UE) 2016\/679 del Parlamento Europeo y del...","og_url":"https:\/\/www.marau.es\/es\/clausulas-de-formulario-de-contacto\/","og_site_name":"Marau","article_publisher":"https:\/\/www.facebook.com\/Mara\u00fa-Beach-Club-237360296655905","article_modified_time":"2021-10-22T09:43:59+00:00","twitter_card":"summary_large_image","twitter_misc":{"Tiempo de lectura":"2 minutos"},"schema":{"@context":"https:\/\/schema.org","@graph":[{"@type":"WebPage","@id":"https:\/\/www.marau.es\/es\/clausulas-de-formulario-de-contacto\/","url":"https:\/\/www.marau.es\/es\/clausulas-de-formulario-de-contacto\/","name":"Cl\u00e1usulas de Formulario de Contacto | Marau","isPartOf":{"@id":"https:\/\/www.marau.es\/es\/#website"},"datePublished":"2020-08-26T15:52:04+00:00","dateModified":"2021-10-22T09:43:59+00:00","breadcrumb":{"@id":"https:\/\/www.marau.es\/es\/clausulas-de-formulario-de-contacto\/#breadcrumb"},"inLanguage":"es","potentialAction":[{"@type":"ReadAction","target":["https:\/\/www.marau.es\/es\/clausulas-de-formulario-de-contacto\/"]}]},{"@type":"BreadcrumbList","@id":"https:\/\/www.marau.es\/es\/clausulas-de-formulario-de-contacto\/#breadcrumb","itemListElement":[{"@type":"ListItem","position":1,"name":"Home","item":"https:\/\/www.marau.es\/es\/"},{"@type":"ListItem","position":2,"name":"Cl\u00e1usulas de Formulario de Contacto"}]},{"@type":"WebSite","@id":"https:\/\/www.marau.es\/es\/#website","url":"https:\/\/www.marau.es\/es\/","name":"Marau","description":"Beach Club","publisher":{"@id":"https:\/\/www.marau.es\/es\/#organization"},"potentialAction":[{"@type":"SearchAction","target":{"@type":"EntryPoint","urlTemplate":"https:\/\/www.marau.es\/es\/?s={search_term_string}"},"query-input":"required name=search_term_string"}],"inLanguage":"es"},{"@type":"Organization","@id":"https:\/\/www.marau.es\/es\/#organization","name":"Mara\u00fa Beach Club","url":"https:\/\/www.marau.es\/es\/","logo":{"@type":"ImageObject","inLanguage":"es","@id":"https:\/\/www.marau.es\/es\/#\/schema\/logo\/image\/","url":"https:\/\/www.marau.es\/wp-content\/uploads\/2017\/09\/marau-facebook.png","contentUrl":"https:\/\/www.marau.es\/wp-content\/uploads\/2017\/09\/marau-facebook.png","width":540,"height":281,"caption":"Mara\u00fa Beach Club"},"image":{"@id":"https:\/\/www.marau.es\/es\/#\/schema\/logo\/image\/"},"sameAs":["https:\/\/www.facebook.com\/Mara\u00fa-Beach-Club-237360296655905"]}]}},"_links":{"self":[{"href":"https:\/\/www.marau.es\/es\/wp-json\/wp\/v2\/pages\/5075"}],"collection":[{"href":"https:\/\/www.marau.es\/es\/wp-json\/wp\/v2\/pages"}],"about":[{"href":"https:\/\/www.marau.es\/es\/wp-json\/wp\/v2\/types\/page"}],"author":[{"embeddable":true,"href":"https:\/\/www.marau.es\/es\/wp-json\/wp\/v2\/users\/2"}],"replies":[{"embeddable":true,"href":"https:\/\/www.marau.es\/es\/wp-json\/wp\/v2\/comments?post=5075"}],"version-history":[{"count":2,"href":"https:\/\/www.marau.es\/es\/wp-json\/wp\/v2\/pages\/5075\/revisions"}],"predecessor-version":[{"id":6811,"href":"https:\/\/www.marau.es\/es\/wp-json\/wp\/v2\/pages\/5075\/revisions\/6811"}],"wp:attachment":[{"href":"https:\/\/www.marau.es\/es\/wp-json\/wp\/v2\/media?parent=5075"}],"curies":[{"name":"wp","href":"https:\/\/api.w.org\/{rel}","templated":true}]}}